{"id":1204,"date":"2026-02-02T08:13:09","date_gmt":"2026-02-02T08:13:09","guid":{"rendered":"https:\/\/onceuponacom.fr\/?page_id=1204"},"modified":"2026-02-27T11:12:24","modified_gmt":"2026-02-27T11:12:24","slug":"formation-communication","status":"publish","type":"page","link":"https:\/\/onceuponacom.fr\/?page_id=1204","title":{"rendered":"Formations"},"content":{"rendered":"\t\t<div data-elementor-type=\"wp-page\" data-elementor-id=\"1204\" class=\"elementor elementor-1204\" data-elementor-post-type=\"page\">\n\t\t\t\t<div class=\"elementor-element elementor-element-4a69cd9d e-con-full e-flex e-con e-parent\" data-id=\"4a69cd9d\" data-element_type=\"container\" data-e-type=\"container\" id=\"formations\" data-settings=\"{&quot;background_background&quot;:&quot;gradient&quot;}\">\n\t\t<div class=\"elementor-element elementor-element-653f92f1 e-con-full e-flex e-con e-child\" data-id=\"653f92f1\" data-element_type=\"container\" data-e-type=\"container\" data-settings=\"{&quot;background_background&quot;:&quot;classic&quot;}\">\n\t\t<div class=\"elementor-element elementor-element-64102e3c e-con-full e-flex e-con e-child\" data-id=\"64102e3c\" data-element_type=\"container\" data-e-type=\"container\" data-settings=\"{&quot;background_background&quot;:&quot;gradient&quot;}\">\n\t\t\t\t<div class=\"elementor-element elementor-element-49ac5cb3 elementor-widget elementor-widget-heading\" data-id=\"49ac5cb3\" data-element_type=\"widget\" data-e-type=\"widget\" data-widget_type=\"heading.default\">\n\t\t\t\t\t<p class=\"elementor-heading-title elementor-size-default\">services<\/p>\t\t\t\t<\/div>\n\t\t\t\t<div class=\"elementor-element elementor-element-6cd8e388 elementor-widget elementor-widget-heading\" data-id=\"6cd8e388\" data-element_type=\"widget\" data-e-type=\"widget\" data-widget_type=\"heading.default\">\n\t\t\t\t\t<h2 class=\"elementor-heading-title elementor-size-default\">Formations et Interventions Entreprises<\/h2>\t\t\t\t<\/div>\n\t\t\t\t<div class=\"elementor-element elementor-element-7ff6801d elementor-widget elementor-widget-text-editor\" data-id=\"7ff6801d\" data-element_type=\"widget\" data-e-type=\"widget\" data-widget_type=\"text-editor.default\">\n\t\t\t\t\t\t\t\t\t<p>Nous vous donnons les cl\u00e9s pour devenir autonome et ma\u00eetriser vous-m\u00eame l&rsquo;art de la communication. Nos programmes de formation sont con\u00e7us pour doter vos \u00e9quipes de comp\u00e9tences pratiques et imm\u00e9diatement applicables, transformant ainsi votre capital humain en atout strat\u00e9gique.<\/p>\t\t\t\t\t\t\t\t<\/div>\n\t\t\t\t<div class=\"elementor-element elementor-element-679b4c4b elementor-align-center elementor-mobile-align-left elementor-widget elementor-widget-button\" data-id=\"679b4c4b\" data-element_type=\"widget\" data-e-type=\"widget\" data-widget_type=\"button.default\">\n\t\t\t\t\t\t\t\t\t\t<a class=\"elementor-button elementor-button-link elementor-size-sm elementor-animation-grow\" href=\"https:\/\/onceuponacom.fr\/?page_id=242\">\n\t\t\t\t\t\t<span class=\"elementor-button-content-wrapper\">\n\t\t\t\t\t\t\t\t\t<span class=\"elementor-button-text\">Demandez le programme d\u00e9taill\u00e9 <\/span>\n\t\t\t\t\t<\/span>\n\t\t\t\t\t<\/a>\n\t\t\t\t\t\t\t\t<\/div>\n\t\t\t\t<\/div>\n\t\t<div class=\"elementor-element elementor-element-ea32c60 e-con-full e-flex e-con e-child\" data-id=\"ea32c60\" data-element_type=\"container\" data-e-type=\"container\" data-settings=\"{&quot;background_background&quot;:&quot;gradient&quot;}\">\n\t\t\t\t<div class=\"elementor-element elementor-element-7274fd7c animated-slow elementor-invisible elementor-widget elementor-widget-icon-box\" data-id=\"7274fd7c\" data-element_type=\"widget\" data-e-type=\"widget\" data-settings=\"{&quot;_animation&quot;:&quot;fadeIn&quot;,&quot;_animation_delay&quot;:&quot;0&quot;}\" data-widget_type=\"icon-box.default\">\n\t\t\t\t\t\t\t<div class=\"elementor-icon-box-wrapper\">\n\n\t\t\t\n\t\t\t\t\t\t<div class=\"elementor-icon-box-content\">\n\n\t\t\t\t\t\t\t\t\t<h3 class=\"elementor-icon-box-title\">\n\t\t\t\t\t\t<span  >\n\t\t\t\t\t\t\tFormations\t\t\t\t\t\t<\/span>\n\t\t\t\t\t<\/h3>\n\t\t\t\t\n\t\t\t\t\t\t\t\t\t<p class=\"elementor-icon-box-description\">\n\t\t\t\t\t\tNous vous donnons les cl\u00e9s pour devenir autonome et ma\u00eetriser vous-m\u00eame l'art de la communication. Nos programmes sont con\u00e7us pour doter vos \u00e9quipes de comp\u00e9tences pratiques et imm\u00e9diatement applicables, transformant ainsi votre capital humain en atout strat\u00e9gique\t\t\t\t\t<\/p>\n\t\t\t\t\n\t\t\t<\/div>\n\t\t\t\n\t\t<\/div>\n\t\t\t\t\t\t<\/div>\n\t\t\t\t<div class=\"elementor-element elementor-element-41aca356 animated-slow elementor-invisible elementor-widget elementor-widget-icon-box\" data-id=\"41aca356\" data-element_type=\"widget\" data-e-type=\"widget\" data-settings=\"{&quot;_animation&quot;:&quot;fadeIn&quot;,&quot;_animation_delay&quot;:&quot;300&quot;}\" data-widget_type=\"icon-box.default\">\n\t\t\t\t\t\t\t<div class=\"elementor-icon-box-wrapper\">\n\n\t\t\t\n\t\t\t\t\t\t<div class=\"elementor-icon-box-content\">\n\n\t\t\t\t\t\t\t\t\t<h3 class=\"elementor-icon-box-title\">\n\t\t\t\t\t\t<span  >\n\t\t\t\t\t\t\tInterventions et Ateliers Th\u00e9matiques Sur-Mesure\t\t\t\t\t\t<\/span>\n\t\t\t\t\t<\/h3>\n\t\t\t\t\n\t\t\t\t\t\t\t\t\t<p class=\"elementor-icon-box-description\">\n\t\t\t\t\t\tNos interventions sont con\u00e7ues pour \u00eatre des moments d'\u00e9change intenses et pratiques. Nous m\u00e9langeons la th\u00e9orie fondamentale avec des ateliers participatifs dynamiques, garantissant une assimilation imm\u00e9diate des concepts et une mise en pratique concr\u00e8te des outils.\n\nChaque participant re\u00e7oit \u00e9galement un Cahier d'Intervention imprimable \u00e0 compl\u00e9ter pendant la session. Ce fichier sert de r\u00e9capitulatif synth\u00e9tique des outils et m\u00e9thodes utilis\u00e9s, offrant une ressource concr\u00e8te et utilisable au quotidien apr\u00e8s notre session.<br>Sur devis.\t\t\t\t\t<\/p>\n\t\t\t\t\n\t\t\t<\/div>\n\t\t\t\n\t\t<\/div>\n\t\t\t\t\t\t<\/div>\n\t\t\t\t<\/div>\n\t\t\t\t<\/div>\n\t\t\t\t<\/div>\n\t\t\t\t<\/div>\n\t\t","protected":false},"excerpt":{"rendered":"<p>services Formations et Interventions Entreprises Nous vous donnons les cl\u00e9s pour devenir autonome et ma\u00eetriser vous-m\u00eame l&rsquo;art de la communication. [&hellip;]<\/p>\n","protected":false},"author":1,"featured_media":0,"parent":0,"menu_order":0,"comment_status":"closed","ping_status":"closed","template":"","meta":{"site-sidebar-layout":"no-sidebar","site-content-layout":"","ast-site-content-layout":"full-width-container","site-content-style":"default","site-sidebar-style":"default","ast-global-header-display":"","ast-banner-title-visibility":"","ast-main-header-display":"","ast-hfb-above-header-display":"","ast-hfb-below-header-display":"","ast-hfb-mobile-header-display":"","site-post-title":"","ast-breadcrumbs-content":"","ast-featured-img":"disabled","footer-sml-layout":"","ast-disable-related-posts":"","theme-transparent-header-meta":"","adv-header-id-meta":"","stick-header-meta":"","header-above-stick-meta":"","header-main-stick-meta":"","header-below-stick-meta":"","astra-migrate-meta-layouts":"default","ast-page-background-enabled":"default","ast-page-background-meta":{"desktop":{"background-color":"var(--ast-global-color-5)","background-image":"","background-repeat":"repeat","background-position":"center center","background-size":"auto","background-attachment":"scroll","background-type":"","background-media":"","overlay-type":"","overlay-color":"","overlay-opacity":"","overlay-gradient":""},"tablet":{"background-color":"","background-image":"","background-repeat":"repeat","background-position":"center center","background-size":"auto","background-attachment":"scroll","background-type":"","background-media":"","overlay-type":"","overlay-color":"","overlay-opacity":"","overlay-gradient":""},"mobile":{"background-color":"","background-image":"","background-repeat":"repeat","background-position":"center center","background-size":"auto","background-attachment":"scroll","background-type":"","background-media":"","overlay-type":"","overlay-color":"","overlay-opacity":"","overlay-gradient":""}},"ast-content-background-meta":{"desktop":{"background-color":"var(--ast-global-color-4)","background-image":"","background-repeat":"repeat","background-position":"center center","background-size":"auto","background-attachment":"scroll","background-type":"","background-media":"","overlay-type":"","overlay-color":"","overlay-opacity":"","overlay-gradient":""},"tablet":{"background-color":"var(--ast-global-color-4)","background-image":"","background-repeat":"repeat","background-position":"center center","background-size":"auto","background-attachment":"scroll","background-type":"","background-media":"","overlay-type":"","overlay-color":"","overlay-opacity":"","overlay-gradient":""},"mobile":{"background-color":"var(--ast-global-color-4)","background-image":"","background-repeat":"repeat","background-position":"center center","background-size":"auto","background-attachment":"scroll","background-type":"","background-media":"","overlay-type":"","overlay-color":"","overlay-opacity":"","overlay-gradient":""}},"footnotes":""},"class_list":["post-1204","page","type-page","status-publish","hentry"],"yoast_head":"<!-- This site is optimized with the Yoast SEO plugin v27.5 - https:\/\/yoast.com\/product\/yoast-seo-wordpress\/ -->\n<title>Formations - Once Upon a Com&#039;<\/title>\n<meta name=\"description\" content=\"Ma\u00eetrisez votre image de marque avec nos formations en communication digitale. Apprenez \u00e0 cr\u00e9er vos contenus et \u00e0 g\u00e9rer vos r\u00e9seaux sociaux efficacement.\" \/>\n<meta name=\"robots\" content=\"index, follow, max-snippet:-1, max-image-preview:large, max-video-preview:-1\" \/>\n<link rel=\"canonical\" href=\"https:\/\/onceuponacom.fr\/?page_id=1204\" \/>\n<meta property=\"og:locale\" content=\"fr_FR\" \/>\n<meta property=\"og:type\" content=\"article\" \/>\n<meta property=\"og:title\" content=\"Formations - Once Upon a Com&#039;\" \/>\n<meta property=\"og:description\" content=\"Ma\u00eetrisez votre image de marque avec nos formations en communication digitale. Apprenez \u00e0 cr\u00e9er vos contenus et \u00e0 g\u00e9rer vos r\u00e9seaux sociaux efficacement.\" \/>\n<meta property=\"og:url\" content=\"https:\/\/onceuponacom.fr\/?page_id=1204\" \/>\n<meta property=\"og:site_name\" content=\"Once Upon a Com&#039;\" \/>\n<meta property=\"article:publisher\" content=\"https:\/\/www.facebook.com\/profile.php?id=61572860222545&amp;locale=fr_FR\" \/>\n<meta property=\"article:modified_time\" content=\"2026-02-27T11:12:24+00:00\" \/>\n<meta name=\"twitter:card\" content=\"summary_large_image\" \/>\n<meta name=\"twitter:label1\" content=\"Dur\u00e9e de lecture estim\u00e9e\" \/>\n\t<meta name=\"twitter:data1\" content=\"1 minute\" \/>\n<script type=\"application\/ld+json\" class=\"yoast-schema-graph\">{\"@context\":\"https:\\\/\\\/schema.org\",\"@graph\":[{\"@type\":\"WebPage\",\"@id\":\"https:\\\/\\\/onceuponacom.fr\\\/?page_id=1204\",\"url\":\"https:\\\/\\\/onceuponacom.fr\\\/?page_id=1204\",\"name\":\"Formations - Once Upon a Com&#039;\",\"isPartOf\":{\"@id\":\"https:\\\/\\\/onceuponacom.fr\\\/#website\"},\"datePublished\":\"2026-02-02T08:13:09+00:00\",\"dateModified\":\"2026-02-27T11:12:24+00:00\",\"description\":\"Ma\u00eetrisez votre image de marque avec nos formations en communication digitale. Apprenez \u00e0 cr\u00e9er vos contenus et \u00e0 g\u00e9rer vos r\u00e9seaux sociaux efficacement.\",\"breadcrumb\":{\"@id\":\"https:\\\/\\\/onceuponacom.fr\\\/?page_id=1204#breadcrumb\"},\"inLanguage\":\"fr-FR\",\"potentialAction\":[{\"@type\":\"ReadAction\",\"target\":[\"https:\\\/\\\/onceuponacom.fr\\\/?page_id=1204\"]}]},{\"@type\":\"BreadcrumbList\",\"@id\":\"https:\\\/\\\/onceuponacom.fr\\\/?page_id=1204#breadcrumb\",\"itemListElement\":[{\"@type\":\"ListItem\",\"position\":1,\"name\":\"Accueil\",\"item\":\"https:\\\/\\\/onceuponacom.fr\\\/\"},{\"@type\":\"ListItem\",\"position\":2,\"name\":\"Formations\"}]},{\"@type\":\"WebSite\",\"@id\":\"https:\\\/\\\/onceuponacom.fr\\\/#website\",\"url\":\"https:\\\/\\\/onceuponacom.fr\\\/\",\"name\":\"Once Upon a Com'\",\"description\":\"Un nouveau chapitre pour votre communication\",\"publisher\":{\"@id\":\"https:\\\/\\\/onceuponacom.fr\\\/#organization\"},\"potentialAction\":[{\"@type\":\"SearchAction\",\"target\":{\"@type\":\"EntryPoint\",\"urlTemplate\":\"https:\\\/\\\/onceuponacom.fr\\\/?s={search_term_string}\"},\"query-input\":{\"@type\":\"PropertyValueSpecification\",\"valueRequired\":true,\"valueName\":\"search_term_string\"}}],\"inLanguage\":\"fr-FR\"},{\"@type\":\"Organization\",\"@id\":\"https:\\\/\\\/onceuponacom.fr\\\/#organization\",\"name\":\"Once Upon a Com'\",\"url\":\"https:\\\/\\\/onceuponacom.fr\\\/\",\"logo\":{\"@type\":\"ImageObject\",\"inLanguage\":\"fr-FR\",\"@id\":\"https:\\\/\\\/onceuponacom.fr\\\/#\\\/schema\\\/logo\\\/image\\\/\",\"url\":\"https:\\\/\\\/onceuponacom.fr\\\/wp-content\\\/uploads\\\/2025\\\/11\\\/logo-ouac-e1764349245334.png\",\"contentUrl\":\"https:\\\/\\\/onceuponacom.fr\\\/wp-content\\\/uploads\\\/2025\\\/11\\\/logo-ouac-e1764349245334.png\",\"width\":209,\"height\":197,\"caption\":\"Once Upon a Com'\"},\"image\":{\"@id\":\"https:\\\/\\\/onceuponacom.fr\\\/#\\\/schema\\\/logo\\\/image\\\/\"},\"sameAs\":[\"https:\\\/\\\/www.facebook.com\\\/profile.php?id=61572860222545&locale=fr_FR\",\"https:\\\/\\\/www.instagram.com\\\/onceuponacom_\\\/\"]}]}<\/script>\n<!-- \/ Yoast SEO plugin. -->","yoast_head_json":{"title":"Formations - Once Upon a Com&#039;","description":"Ma\u00eetrisez votre image de marque avec nos formations en communication digitale. Apprenez \u00e0 cr\u00e9er vos contenus et \u00e0 g\u00e9rer vos r\u00e9seaux sociaux efficacement.","robots":{"index":"index","follow":"follow","max-snippet":"max-snippet:-1","max-image-preview":"max-image-preview:large","max-video-preview":"max-video-preview:-1"},"canonical":"https:\/\/onceuponacom.fr\/?page_id=1204","og_locale":"fr_FR","og_type":"article","og_title":"Formations - Once Upon a Com&#039;","og_description":"Ma\u00eetrisez votre image de marque avec nos formations en communication digitale. Apprenez \u00e0 cr\u00e9er vos contenus et \u00e0 g\u00e9rer vos r\u00e9seaux sociaux efficacement.","og_url":"https:\/\/onceuponacom.fr\/?page_id=1204","og_site_name":"Once Upon a Com&#039;","article_publisher":"https:\/\/www.facebook.com\/profile.php?id=61572860222545&locale=fr_FR","article_modified_time":"2026-02-27T11:12:24+00:00","twitter_card":"summary_large_image","twitter_misc":{"Dur\u00e9e de lecture estim\u00e9e":"1 minute"},"schema":{"@context":"https:\/\/schema.org","@graph":[{"@type":"WebPage","@id":"https:\/\/onceuponacom.fr\/?page_id=1204","url":"https:\/\/onceuponacom.fr\/?page_id=1204","name":"Formations - Once Upon a Com&#039;","isPartOf":{"@id":"https:\/\/onceuponacom.fr\/#website"},"datePublished":"2026-02-02T08:13:09+00:00","dateModified":"2026-02-27T11:12:24+00:00","description":"Ma\u00eetrisez votre image de marque avec nos formations en communication digitale. Apprenez \u00e0 cr\u00e9er vos contenus et \u00e0 g\u00e9rer vos r\u00e9seaux sociaux efficacement.","breadcrumb":{"@id":"https:\/\/onceuponacom.fr\/?page_id=1204#breadcrumb"},"inLanguage":"fr-FR","potentialAction":[{"@type":"ReadAction","target":["https:\/\/onceuponacom.fr\/?page_id=1204"]}]},{"@type":"BreadcrumbList","@id":"https:\/\/onceuponacom.fr\/?page_id=1204#breadcrumb","itemListElement":[{"@type":"ListItem","position":1,"name":"Accueil","item":"https:\/\/onceuponacom.fr\/"},{"@type":"ListItem","position":2,"name":"Formations"}]},{"@type":"WebSite","@id":"https:\/\/onceuponacom.fr\/#website","url":"https:\/\/onceuponacom.fr\/","name":"Once Upon a Com'","description":"Un nouveau chapitre pour votre communication","publisher":{"@id":"https:\/\/onceuponacom.fr\/#organization"},"potentialAction":[{"@type":"SearchAction","target":{"@type":"EntryPoint","urlTemplate":"https:\/\/onceuponacom.fr\/?s={search_term_string}"},"query-input":{"@type":"PropertyValueSpecification","valueRequired":true,"valueName":"search_term_string"}}],"inLanguage":"fr-FR"},{"@type":"Organization","@id":"https:\/\/onceuponacom.fr\/#organization","name":"Once Upon a Com'","url":"https:\/\/onceuponacom.fr\/","logo":{"@type":"ImageObject","inLanguage":"fr-FR","@id":"https:\/\/onceuponacom.fr\/#\/schema\/logo\/image\/","url":"https:\/\/onceuponacom.fr\/wp-content\/uploads\/2025\/11\/logo-ouac-e1764349245334.png","contentUrl":"https:\/\/onceuponacom.fr\/wp-content\/uploads\/2025\/11\/logo-ouac-e1764349245334.png","width":209,"height":197,"caption":"Once Upon a Com'"},"image":{"@id":"https:\/\/onceuponacom.fr\/#\/schema\/logo\/image\/"},"sameAs":["https:\/\/www.facebook.com\/profile.php?id=61572860222545&locale=fr_FR","https:\/\/www.instagram.com\/onceuponacom_\/"]}]}},"_links":{"self":[{"href":"https:\/\/onceuponacom.fr\/index.php?rest_route=\/wp\/v2\/pages\/1204","targetHints":{"allow":["GET"]}}],"collection":[{"href":"https:\/\/onceuponacom.fr\/index.php?rest_route=\/wp\/v2\/pages"}],"about":[{"href":"https:\/\/onceuponacom.fr\/index.php?rest_route=\/wp\/v2\/types\/page"}],"author":[{"embeddable":true,"href":"https:\/\/onceuponacom.fr\/index.php?rest_route=\/wp\/v2\/users\/1"}],"replies":[{"embeddable":true,"href":"https:\/\/onceuponacom.fr\/index.php?rest_route=%2Fwp%2Fv2%2Fcomments&post=1204"}],"version-history":[{"count":7,"href":"https:\/\/onceuponacom.fr\/index.php?rest_route=\/wp\/v2\/pages\/1204\/revisions"}],"predecessor-version":[{"id":1211,"href":"https:\/\/onceuponacom.fr\/index.php?rest_route=\/wp\/v2\/pages\/1204\/revisions\/1211"}],"wp:attachment":[{"href":"https:\/\/onceuponacom.fr\/index.php?rest_route=%2Fwp%2Fv2%2Fmedia&parent=1204"}],"curies":[{"name":"wp","href":"https:\/\/api.w.org\/{rel}","templated":true}]}}